{"id":24,"date":"2025-08-27T11:52:07","date_gmt":"2025-08-27T16:52:07","guid":{"rendered":"http:\/\/localhost\/epmapaped\/?page_id=24"},"modified":"2026-03-24T12:32:52","modified_gmt":"2026-03-24T17:32:52","slug":"transparencia","status":"publish","type":"page","link":"https:\/\/epmapaped.gob.ec\/index.php\/transparencia\/","title":{"rendered":"TRANSPARENCIA"},"content":{"rendered":"\n<p class=\"has-text-align-center has-ast-global-color-1-color has-text-color has-link-color has-medium-font-size wp-elements-0e95e664402222bc616350e15151e2d6\"><strong>LEY ORG\u00c1NICA DE TRANSPARENCIA Y ACCESO A LA INFORMACI\u00d3N P\u00daBLICA<\/strong><\/p>\n\n\n\n<p class=\"has-ast-global-color-1-color has-text-color has-link-color has-medium-font-size wp-elements-8732c5b79a115c3ffb5a4260a484acb7\"><strong>Art. 7.- Difusi\u00f3n de la Informaci\u00f3n P\u00fablica.-<\/strong> Por la transparencia en la gesti\u00f3n administrativa que est\u00e1n obligadas a observar todas las instituciones del Estado que conforman el sector p\u00fablico en los t\u00e9rminos del art\u00edculo 118 de la Constituci\u00f3n Pol\u00edtica de la Rep\u00fablica y dem\u00e1s entes se\u00f1alados en el art\u00edculo 1 de la presente Ley, difundir\u00e1n a trav\u00e9s de un portal de informaci\u00f3n o p\u00e1gina web, as\u00ed como de los medios necesarios a disposici\u00f3n del p\u00fablico, implementados en la misma instituci\u00f3n, la siguiente informaci\u00f3n m\u00ednima actualizada, que para efectos de esta Ley, se la considera de naturaleza obligatoria.<\/p>\n\n\n\n<p class=\"has-text-align-center has-medium-font-size\"><strong><a href=\"https:\/\/transparencia.dpe.gob.ec\/entidades\/1225\" target=\"_blank\" rel=\"noreferrer noopener\">LOTAIP<\/a><\/strong><\/p>\n\n\n\n<p class=\"has-text-align-center has-ast-global-color-1-color has-text-color has-link-color has-medium-font-size wp-elements-cd47c980bdf788f0459aebc21244764e\"><a href=\"https:\/\/epmapaped.gob.ec\/index.php\/resoluciones-y-reglamentos\/\"><strong>Resoluci\u00f3nes y Reglamentos<\/strong><\/a><\/p>\n\n\n\n<p class=\"has-text-align-center has-ast-global-color-1-color has-text-color has-link-color has-medium-font-size wp-elements-08d401225b6ef82d772dab33a2dd344e\"><strong><a href=\"https:\/\/epmapaped.gob.ec\/index.php\/transparencia\/alianzas-estrategicas\/\">Alianzas Estrat\u00e9gicas<\/a><\/strong><\/p>\n\n\n\n<p class=\"has-text-align-center has-ast-global-color-1-color has-text-color has-link-color has-medium-font-size wp-elements-bb86596bc9f9f07d79cc9e3993b10775\"><a href=\"https:\/\/epmapaped.gob.ec\/index.php\/transparencia\/pliego-tarifario\/\"><strong>Ordenanza Pliego Tarifario<\/strong><\/a><\/p>\n\n\n\n<p><\/p>\n","protected":false},"excerpt":{"rendered":"<p>LEY ORG\u00c1NICA DE TRANSPARENCIA Y ACCESO A LA INFORMACI\u00d3N P\u00daBLICA Art. 7.- Difusi\u00f3n de la Informaci\u00f3n P\u00fablica.- Por la transparencia [&hellip;]<\/p>\n","protected":false},"author":1,"featured_media":0,"parent":0,"menu_order":0,"comment_status":"closed","ping_status":"closed","template":"","meta":{"site-sidebar-layout":"default","site-content-layout":"","ast-site-content-layout":"default","site-content-style":"default","site-sidebar-style":"default","ast-global-header-display":"","ast-banner-title-visibility":"","ast-main-header-display":"","ast-hfb-above-header-display":"","ast-hfb-below-header-display":"","ast-hfb-mobile-header-display":"","site-post-title":"disabled","ast-breadcrumbs-content":"","ast-featured-img":"","footer-sml-layout":"","ast-disable-related-posts":"","theme-transparent-header-meta":"","adv-header-id-meta":"","stick-header-meta":"","header-above-stick-meta":"","header-main-stick-meta":"","header-below-stick-meta":"","astra-migrate-meta-layouts":"default","ast-page-background-enabled":"default","ast-page-background-meta":{"desktop":{"background-color":"var(--ast-global-color-5)","background-image":"","background-repeat":"repeat","background-position":"center center","background-size":"auto","background-attachment":"scroll","background-type":"","background-media":"","overlay-type":"","overlay-color":"","overlay-opacity":"","overlay-gradient":""},"tablet":{"background-color":"","background-image":"","background-repeat":"repeat","background-position":"center center","background-size":"auto","background-attachment":"scroll","background-type":"","background-media":"","overlay-type":"","overlay-color":"","overlay-opacity":"","overlay-gradient":""},"mobile":{"background-color":"","background-image":"","background-repeat":"repeat","background-position":"center center","background-size":"auto","background-attachment":"scroll","background-type":"","background-media":"","overlay-type":"","overlay-color":"","overlay-opacity":"","overlay-gradient":""}},"ast-content-background-meta":{"desktop":{"background-color":"var(--ast-global-color-4)","background-image":"","background-repeat":"repeat","background-position":"center center","background-size":"auto","background-attachment":"scroll","background-type":"","background-media":"","overlay-type":"","overlay-color":"","overlay-opacity":"","overlay-gradient":""},"tablet":{"background-color":"var(--ast-global-color-4)","background-image":"","background-repeat":"repeat","background-position":"center center","background-size":"auto","background-attachment":"scroll","background-type":"","background-media":"","overlay-type":"","overlay-color":"","overlay-opacity":"","overlay-gradient":""},"mobile":{"background-color":"var(--ast-global-color-4)","background-image":"","background-repeat":"repeat","background-position":"center center","background-size":"auto","background-attachment":"scroll","background-type":"","background-media":"","overlay-type":"","overlay-color":"","overlay-opacity":"","overlay-gradient":""}},"_joinchat":[],"footnotes":""},"class_list":["post-24","page","type-page","status-publish","hentry"],"_links":{"self":[{"href":"https:\/\/epmapaped.gob.ec\/index.php\/wp-json\/wp\/v2\/pages\/24","targetHints":{"allow":["GET"]}}],"collection":[{"href":"https:\/\/epmapaped.gob.ec\/index.php\/wp-json\/wp\/v2\/pages"}],"about":[{"href":"https:\/\/epmapaped.gob.ec\/index.php\/wp-json\/wp\/v2\/types\/page"}],"author":[{"embeddable":true,"href":"https:\/\/epmapaped.gob.ec\/index.php\/wp-json\/wp\/v2\/users\/1"}],"replies":[{"embeddable":true,"href":"https:\/\/epmapaped.gob.ec\/index.php\/wp-json\/wp\/v2\/comments?post=24"}],"version-history":[{"count":17,"href":"https:\/\/epmapaped.gob.ec\/index.php\/wp-json\/wp\/v2\/pages\/24\/revisions"}],"predecessor-version":[{"id":1107,"href":"https:\/\/epmapaped.gob.ec\/index.php\/wp-json\/wp\/v2\/pages\/24\/revisions\/1107"}],"wp:attachment":[{"href":"https:\/\/epmapaped.gob.ec\/index.php\/wp-json\/wp\/v2\/media?parent=24"}],"curies":[{"name":"wp","href":"https:\/\/api.w.org\/{rel}","templated":true}]}}