{"id":1068,"date":"2026-03-23T21:57:55","date_gmt":"2026-03-24T02:57:55","guid":{"rendered":"https:\/\/epmapaped.gob.ec\/?page_id=1068"},"modified":"2026-04-13T18:34:13","modified_gmt":"2026-04-13T23:34:13","slug":"1068-2","status":"publish","type":"page","link":"https:\/\/epmapaped.gob.ec\/index.php\/transparencia\/alianzas-estrategicas\/1068-2\/","title":{"rendered":"CP-AE-001-2026"},"content":{"rendered":"\n<h2 class=\"wp-block-heading has-text-align-center has-large-font-size\">Concurso P\u00fablico AE-001-2026-EPMAPAPED<\/h2>\n\n\n\n<p class=\"has-text-align-center has-ast-global-color-1-color has-text-color has-link-color has-medium-font-size wp-elements-c217877fa661da83402e8785e7740462\">PROYECTO BAJO FORMATO DE \u201cEPC\u201d, \u201cPARA LA REVISI\u00d3N DEL DISE\u00d1O, SUMINISTRO, CONSTRUCCI\u00d3N, REHABILITACI\u00d3N, INSTALACI\u00d3N Y PUESTA EN MARCHA DE LAS FASES 1, 2 y 3 DEL NUEVO SISTEMA DE ALCANTARILLADO SANITARIO Y PLUVIAL DE LA CIUDAD DE PEDERNALES, CANT\u00d3N PEDERNALES, PROVINCIA DE MANAB\u00cd\u201d.<\/p>\n\n\n\n<hr class=\"wp-block-separator has-alpha-channel-opacity\"\/>\n\n\n\n<p class=\"has-text-align-center has-ast-global-color-1-color has-text-color has-link-color has-medium-font-size wp-elements-9361c7e79053e5f2d14ebeb8b60c61dd\">CONTACTO : <strong>alianza.estrategica@epmapaped.gob.ec<\/strong><\/p>\n\n\n\n<hr class=\"wp-block-separator has-alpha-channel-opacity\"\/>\n\n\n\n<h2 class=\"wp-block-heading has-text-align-center\">ALIANZA<\/h2>\n\n\n\n<ul class=\"wp-block-list\">\n<li class=\"has-medium-font-size\"><a href=\"https:\/\/epmapaped.gob.ec\/wp-content\/uploads\/2026\/03\/1.-Informe-sobre-el-Analisis-tecnico.pdf\" target=\"_blank\" rel=\"noreferrer noopener\">INFORME SOBRE EL ANALISIS TECNICO, COMERCIAL, LEGAL Y FINANCIERO<\/a><\/li>\n\n\n\n<li class=\"has-medium-font-size\"><a href=\"https:\/\/epmapaped.gob.ec\/wp-content\/uploads\/2026\/03\/2.-ACTA-N\u00b0-005-EPMAPAPED-MABM-2025.pdf\" target=\"_blank\" rel=\"noreferrer noopener\">ACTA N\u00b0 005-EPMAPAPED<\/a><\/li>\n\n\n\n<li class=\"has-medium-font-size\"><a href=\"https:\/\/epmapaped.gob.ec\/wp-content\/uploads\/2026\/03\/3.-ACTA-N\u00b0-006-EPMAPAPED-MABM-2025.pdf\" target=\"_blank\" rel=\"noreferrer noopener\">ACTA N\u00b0 006-EPMAPAPED<\/a><\/li>\n\n\n\n<li class=\"has-medium-font-size\"><a href=\"https:\/\/epmapaped.gob.ec\/wp-content\/uploads\/2026\/03\/4.-ACTA-N\u00b0-007-EPMAPAPED-MABM-2025.pdf\" target=\"_blank\" rel=\"noreferrer noopener\">ACTA N\u00b0 007-EPMAPAPED<\/a><\/li>\n\n\n\n<li class=\"has-medium-font-size\"><a href=\"https:\/\/epmapaped.gob.ec\/wp-content\/uploads\/2026\/03\/5.-05-RESOLUCION-alizanza-estrategica.pdf\" target=\"_blank\" rel=\"noreferrer noopener\">RESOLUCION ALIANZA ESTRATEGICA<\/a><\/li>\n\n\n\n<li class=\"has-medium-font-size\"><a href=\"https:\/\/epmapaped.gob.ec\/wp-content\/uploads\/2026\/03\/6.-MEMO-EPMAPA-PED.pdf\" target=\"_blank\" rel=\"noreferrer noopener\">MEMORANDUM N\u00b0 -034-CDPA-GG-EPMAPAPED-2026<\/a><\/li>\n\n\n\n<li class=\"has-medium-font-size\"><a href=\"https:\/\/epmapaped.gob.ec\/wp-content\/uploads\/2026\/03\/7.-Memorandum-N.o-018-DAOQ-DF-EPMAPAPED-2026.pdf\" target=\"_blank\" rel=\"noreferrer noopener\">MEMORANDUM N.\u00ba 018-DAOQ-DF-EPMAPAPED-2026<\/a><\/li>\n<\/ul>\n\n\n\n<hr class=\"wp-block-separator has-alpha-channel-opacity\"\/>\n\n\n\n<h2 class=\"wp-block-heading alignwide has-text-align-center\">CRONOGRAMA<\/h2>\n\n\n\n<figure class=\"wp-block-image aligncenter size-full is-resized\"><img loading=\"lazy\" decoding=\"async\" width=\"819\" height=\"508\" src=\"https:\/\/epmapaped.gob.ec\/wp-content\/uploads\/2026\/03\/cronograma-concurso.jpg\" alt=\"\" class=\"wp-image-1091\" style=\"width:687px;height:auto\" srcset=\"https:\/\/epmapaped.gob.ec\/wp-content\/uploads\/2026\/03\/cronograma-concurso.jpg 819w, https:\/\/epmapaped.gob.ec\/wp-content\/uploads\/2026\/03\/cronograma-concurso-300x186.jpg 300w, https:\/\/epmapaped.gob.ec\/wp-content\/uploads\/2026\/03\/cronograma-concurso-768x476.jpg 768w\" sizes=\"auto, (max-width: 819px) 100vw, 819px\" \/><\/figure>\n\n\n\n<hr class=\"wp-block-separator has-alpha-channel-opacity\"\/>\n\n\n\n<h2 class=\"wp-block-heading has-text-align-center\">ESPECIFICACIONES<\/h2>\n\n\n\n<ul class=\"wp-block-list\">\n<li class=\"has-ast-global-color-1-color has-text-color has-link-color has-medium-font-size wp-elements-52e0e39b5d3e4f70679598ca3a4dfec3\"><a href=\"https:\/\/epmapaped.gob.ec\/wp-content\/uploads\/2026\/03\/PLIEGOS-DE-ALIANZA-ESTRATEGICA-EPMAPAPED.pdf\" target=\"_blank\" rel=\"noreferrer noopener\">PLIEGOS<\/a><\/li>\n\n\n\n<li class=\"has-ast-global-color-1-color has-text-color has-link-color has-medium-font-size wp-elements-adebdbb35d0cbd459751ed1bbccc1ecd\"><a href=\"https:\/\/epmapaped.gob.ec\/wp-content\/uploads\/2026\/03\/TDR-ALIANZA-ESTRATEGICA-PEDERNALES.pdf\" target=\"_blank\" rel=\"noreferrer noopener\">TERMINOS DE REFERENCIA<\/a><\/li>\n\n\n\n<li class=\"has-ast-global-color-1-color has-text-color has-link-color has-medium-font-size wp-elements-608b2b42442ffd2c35fc8e1783280a80\"><a href=\"https:\/\/epmapaped.gob.ec\/wp-content\/uploads\/2026\/03\/ANEXOS-DE-TDR-ALIANZA-ESTRATEGICA.pdf\" target=\"_blank\" rel=\"noreferrer noopener\">ANEXOS TERMINOS DE REFERENCIA<\/a><\/li>\n<\/ul>\n\n\n\n<h2 class=\"wp-block-heading has-text-align-center has-large-font-size\">FASE PREPARATORIA DE OFERTA<\/h2>\n\n\n\n<ul class=\"wp-block-list\">\n<li class=\"has-ast-global-color-1-color has-text-color has-link-color has-medium-font-size wp-elements-ac7d53c922d3c18b035aad8b97080d73\"><a href=\"https:\/\/epmapaped.gob.ec\/wp-content\/uploads\/2026\/04\/Acta-de-Audiencia-de-Preguntas-signed.pdf\" target=\"_blank\" rel=\"noreferrer noopener\">ACTA DE AUDIENCIA DE PREGUNTAS<\/a><\/li>\n\n\n\n<li class=\"has-ast-global-color-1-color has-text-color has-link-color has-medium-font-size wp-elements-246d318186d150e99e66809ee9bab6ca\"><a href=\"https:\/\/epmapaped.gob.ec\/wp-content\/uploads\/2026\/04\/1.-CARTA-INTERES-ICASUR-A-PEDERNALES-25-03-2026.pdf\" target=\"_blank\" rel=\"noreferrer noopener\">CARTA DE INTERES ICASUR A PEDERNALES<\/a><\/li>\n<\/ul>\n\n\n\n<h2 class=\"wp-block-heading has-text-align-center\"><strong>CALIFICACION DE OFERENTES<\/strong><\/h2>\n\n\n\n<ul class=\"wp-block-list\">\n<li class=\"has-ast-global-color-1-color has-text-color has-link-color has-medium-font-size wp-elements-bf1d29f2019cb3e5180ec561fc7b9356\"><a href=\"https:\/\/epmapaped.gob.ec\/wp-content\/uploads\/2026\/04\/10.-MEMORANDUM-N\u00b0-278-CDPA-GG-EPMAPAPED-2026-Conformacion-de-la-Comision-Tecnica-de-Evaluacion.pdf\" target=\"_blank\" rel=\"noreferrer noopener\">CONFORMACI\u00d3N DE LA COMISI\u00d3N T\u00c9CNICA DE EVALUACI\u00d3N<\/a><\/li>\n\n\n\n<li class=\"has-ast-global-color-1-color has-text-color has-link-color has-medium-font-size wp-elements-05da082917ffeaa466ecd1987a4ef8c2\"><a href=\"https:\/\/epmapaped.gob.ec\/wp-content\/uploads\/2026\/04\/11.-ACTA-DE-REVISION-DE-REQUISITOS-DE-ELEGIBILIDAD-DE-OFERTA-signed-1-signed-signed-signed.pdf\" target=\"_blank\" rel=\"noreferrer noopener\">ACTA DE REVISI\u00d3N DE REQUISITOS DE ELEGIBILIDAD DE OFERTA<\/a><\/li>\n<\/ul>\n\n\n\n<p><\/p>\n","protected":false},"excerpt":{"rendered":"<p>Concurso P\u00fablico AE-001-2026-EPMAPAPED PROYECTO BAJO FORMATO DE \u201cEPC\u201d, \u201cPARA LA REVISI\u00d3N DEL DISE\u00d1O, SUMINISTRO, CONSTRUCCI\u00d3N, REHABILITACI\u00d3N, INSTALACI\u00d3N Y PUESTA EN [&hellip;]<\/p>\n","protected":false},"author":1,"featured_media":0,"parent":1050,"menu_order":0,"comment_status":"open","ping_status":"closed","template":"","meta":{"site-sidebar-layout":"default","site-content-layout":"","ast-site-content-layout":"default","site-content-style":"default","site-sidebar-style":"default","ast-global-header-display":"","ast-banner-title-visibility":"","ast-main-header-display":"","ast-hfb-above-header-display":"","ast-hfb-below-header-display":"","ast-hfb-mobile-header-display":"","site-post-title":"disabled","ast-breadcrumbs-content":"","ast-featured-img":"","footer-sml-layout":"","ast-disable-related-posts":"","theme-transparent-header-meta":"","adv-header-id-meta":"","stick-header-meta":"","header-above-stick-meta":"","header-main-stick-meta":"","header-below-stick-meta":"","astra-migrate-meta-layouts":"default","ast-page-background-enabled":"default","ast-page-background-meta":{"desktop":{"background-color":"var(--ast-global-color-5)","background-image":"","background-repeat":"repeat","background-position":"center center","background-size":"auto","background-attachment":"scroll","background-type":"","background-media":"","overlay-type":"","overlay-color":"","overlay-opacity":"","overlay-gradient":""},"tablet":{"background-color":"","background-image":"","background-repeat":"repeat","background-position":"center center","background-size":"auto","background-attachment":"scroll","background-type":"","background-media":"","overlay-type":"","overlay-color":"","overlay-opacity":"","overlay-gradient":""},"mobile":{"background-color":"","background-image":"","background-repeat":"repeat","background-position":"center center","background-size":"auto","background-attachment":"scroll","background-type":"","background-media":"","overlay-type":"","overlay-color":"","overlay-opacity":"","overlay-gradient":""}},"ast-content-background-meta":{"desktop":{"background-color":"var(--ast-global-color-4)","background-image":"","background-repeat":"repeat","background-position":"center center","background-size":"auto","background-attachment":"scroll","background-type":"","background-media":"","overlay-type":"","overlay-color":"","overlay-opacity":"","overlay-gradient":""},"tablet":{"background-color":"var(--ast-global-color-4)","background-image":"","background-repeat":"repeat","background-position":"center center","background-size":"auto","background-attachment":"scroll","background-type":"","background-media":"","overlay-type":"","overlay-color":"","overlay-opacity":"","overlay-gradient":""},"mobile":{"background-color":"var(--ast-global-color-4)","background-image":"","background-repeat":"repeat","background-position":"center center","background-size":"auto","background-attachment":"scroll","background-type":"","background-media":"","overlay-type":"","overlay-color":"","overlay-opacity":"","overlay-gradient":""}},"_joinchat":[],"footnotes":""},"class_list":["post-1068","page","type-page","status-publish","hentry"],"_links":{"self":[{"href":"https:\/\/epmapaped.gob.ec\/index.php\/wp-json\/wp\/v2\/pages\/1068","targetHints":{"allow":["GET"]}}],"collection":[{"href":"https:\/\/epmapaped.gob.ec\/index.php\/wp-json\/wp\/v2\/pages"}],"about":[{"href":"https:\/\/epmapaped.gob.ec\/index.php\/wp-json\/wp\/v2\/types\/page"}],"author":[{"embeddable":true,"href":"https:\/\/epmapaped.gob.ec\/index.php\/wp-json\/wp\/v2\/users\/1"}],"replies":[{"embeddable":true,"href":"https:\/\/epmapaped.gob.ec\/index.php\/wp-json\/wp\/v2\/comments?post=1068"}],"version-history":[{"count":32,"href":"https:\/\/epmapaped.gob.ec\/index.php\/wp-json\/wp\/v2\/pages\/1068\/revisions"}],"predecessor-version":[{"id":1168,"href":"https:\/\/epmapaped.gob.ec\/index.php\/wp-json\/wp\/v2\/pages\/1068\/revisions\/1168"}],"up":[{"embeddable":true,"href":"https:\/\/epmapaped.gob.ec\/index.php\/wp-json\/wp\/v2\/pages\/1050"}],"wp:attachment":[{"href":"https:\/\/epmapaped.gob.ec\/index.php\/wp-json\/wp\/v2\/media?parent=1068"}],"curies":[{"name":"wp","href":"https:\/\/api.w.org\/{rel}","templated":true}]}}