{"id":1050,"date":"2026-03-23T18:24:00","date_gmt":"2026-03-23T23:24:00","guid":{"rendered":"https:\/\/epmapaped.gob.ec\/?page_id=1050"},"modified":"2026-03-24T12:37:42","modified_gmt":"2026-03-24T17:37:42","slug":"alianzas-estrategicas","status":"publish","type":"page","link":"https:\/\/epmapaped.gob.ec\/index.php\/transparencia\/alianzas-estrategicas\/","title":{"rendered":"Alianzas Estrat\u00e9gicas"},"content":{"rendered":"\n<h1 class=\"wp-block-heading has-text-align-center\">CONVOCATORIAS<\/h1>\n\n\n\n<p class=\"has-text-align-center has-ast-global-color-6-color has-text-color has-link-color has-medium-font-size wp-elements-e841f394531a5ffafbc4ef11fb035ac2\"><strong>PARA PARTICIPAR EN LOS CONCURSOS P\u00daBLICOS PARA IDENTIFICAR Y SELECCIONAR UN ALIADO ESTRAT\u00c9GICO Y CONFORMAR UNA ALIANZA ESTRAT\u00c9GICA CON LA EMPRESA P\u00daBLICA MUNICIPAL DE AGUA POTABLE  Y ALCANTARILLADO DEL CANTON PEDERNALES &#8211; EPMAPAPED<\/strong><\/p>\n\n\n\n<p class=\"has-text-align-center has-ast-global-color-0-color has-text-color has-link-color has-medium-font-size wp-elements-9af8eec8d85ba36a8449503696318969\"><a href=\"https:\/\/epmapaped.gob.ec\/wp-content\/uploads\/2025\/11\/REGLAMENTO-CAPACIDAD-ASOCIATIVA-EPMAPAPED.pdf\" target=\"_blank\" rel=\"noreferrer noopener\">REGLAMENTO DE CAPACIDAD ASOCIATIVA DE LA EPMAPA-PED<\/a><\/p>\n\n\n\n<hr class=\"wp-block-separator alignfull has-alpha-channel-opacity is-style-wide\"\/>\n\n\n\n<p class=\"has-text-align-center has-ast-global-color-6-color has-white-background-color has-text-color has-background has-link-color has-large-font-size wp-elements-f442fa51797a81915175720ac1999fae\"><a href=\"https:\/\/epmapaped.gob.ec\/index.php\/1068-2\/\" target=\"_blank\" rel=\"noreferrer noopener\"><strong>Concurso P\u00fablico AE-001-2026-EPMAPAPED<\/strong><\/a><\/p>\n","protected":false},"excerpt":{"rendered":"<p>CONVOCATORIAS PARA PARTICIPAR EN LOS CONCURSOS P\u00daBLICOS PARA IDENTIFICAR Y SELECCIONAR UN ALIADO ESTRAT\u00c9GICO Y CONFORMAR UNA ALIANZA ESTRAT\u00c9GICA CON [&hellip;]<\/p>\n","protected":false},"author":1,"featured_media":0,"parent":24,"menu_order":0,"comment_status":"closed","ping_status":"closed","template":"","meta":{"site-sidebar-layout":"default","site-content-layout":"","ast-site-content-layout":"default","site-content-style":"default","site-sidebar-style":"default","ast-global-header-display":"","ast-banner-title-visibility":"","ast-main-header-display":"","ast-hfb-above-header-display":"","ast-hfb-below-header-display":"","ast-hfb-mobile-header-display":"","site-post-title":"","ast-breadcrumbs-content":"","ast-featured-img":"","footer-sml-layout":"","ast-disable-related-posts":"","theme-transparent-header-meta":"","adv-header-id-meta":"","stick-header-meta":"","header-above-stick-meta":"","header-main-stick-meta":"","header-below-stick-meta":"","astra-migrate-meta-layouts":"default","ast-page-background-enabled":"default","ast-page-background-meta":{"desktop":{"background-color":"var(--ast-global-color-5)","background-image":"","background-repeat":"repeat","background-position":"center center","background-size":"auto","background-attachment":"scroll","background-type":"","background-media":"","overlay-type":"","overlay-color":"","overlay-opacity":"","overlay-gradient":""},"tablet":{"background-color":"","background-image":"","background-repeat":"repeat","background-position":"center center","background-size":"auto","background-attachment":"scroll","background-type":"","background-media":"","overlay-type":"","overlay-color":"","overlay-opacity":"","overlay-gradient":""},"mobile":{"background-color":"","background-image":"","background-repeat":"repeat","background-position":"center center","background-size":"auto","background-attachment":"scroll","background-type":"","background-media":"","overlay-type":"","overlay-color":"","overlay-opacity":"","overlay-gradient":""}},"ast-content-background-meta":{"desktop":{"background-color":"var(--ast-global-color-4)","background-image":"","background-repeat":"repeat","background-position":"center center","background-size":"auto","background-attachment":"scroll","background-type":"","background-media":"","overlay-type":"","overlay-color":"","overlay-opacity":"","overlay-gradient":""},"tablet":{"background-color":"var(--ast-global-color-4)","background-image":"","background-repeat":"repeat","background-position":"center center","background-size":"auto","background-attachment":"scroll","background-type":"","background-media":"","overlay-type":"","overlay-color":"","overlay-opacity":"","overlay-gradient":""},"mobile":{"background-color":"var(--ast-global-color-4)","background-image":"","background-repeat":"repeat","background-position":"center center","background-size":"auto","background-attachment":"scroll","background-type":"","background-media":"","overlay-type":"","overlay-color":"","overlay-opacity":"","overlay-gradient":""}},"_joinchat":[],"footnotes":""},"class_list":["post-1050","page","type-page","status-publish","hentry"],"_links":{"self":[{"href":"https:\/\/epmapaped.gob.ec\/index.php\/wp-json\/wp\/v2\/pages\/1050","targetHints":{"allow":["GET"]}}],"collection":[{"href":"https:\/\/epmapaped.gob.ec\/index.php\/wp-json\/wp\/v2\/pages"}],"about":[{"href":"https:\/\/epmapaped.gob.ec\/index.php\/wp-json\/wp\/v2\/types\/page"}],"author":[{"embeddable":true,"href":"https:\/\/epmapaped.gob.ec\/index.php\/wp-json\/wp\/v2\/users\/1"}],"replies":[{"embeddable":true,"href":"https:\/\/epmapaped.gob.ec\/index.php\/wp-json\/wp\/v2\/comments?post=1050"}],"version-history":[{"count":6,"href":"https:\/\/epmapaped.gob.ec\/index.php\/wp-json\/wp\/v2\/pages\/1050\/revisions"}],"predecessor-version":[{"id":1108,"href":"https:\/\/epmapaped.gob.ec\/index.php\/wp-json\/wp\/v2\/pages\/1050\/revisions\/1108"}],"up":[{"embeddable":true,"href":"https:\/\/epmapaped.gob.ec\/index.php\/wp-json\/wp\/v2\/pages\/24"}],"wp:attachment":[{"href":"https:\/\/epmapaped.gob.ec\/index.php\/wp-json\/wp\/v2\/media?parent=1050"}],"curies":[{"name":"wp","href":"https:\/\/api.w.org\/{rel}","templated":true}]}}